{"id":182,"date":"2023-07-19T17:23:23","date_gmt":"2023-07-19T17:23:23","guid":{"rendered":"https:\/\/integrantes.com.mx\/?page_id=182"},"modified":"2023-08-02T22:01:18","modified_gmt":"2023-08-02T22:01:18","slug":"contactanos","status":"publish","type":"page","link":"https:\/\/integrantes.com.mx\/?page_id=182","title":{"rendered":"Cont\u00e1ctanos"},"content":{"rendered":"\t\t<div data-elementor-type=\"wp-page\" data-elementor-id=\"182\" class=\"elementor elementor-182\">\n\t\t\t\t\t\t\t\t\t<section class=\"elementor-section elementor-top-section elementor-element elementor-element-d321844 elementor-section-boxed elementor-section-height-default elementor-section-height-default\" data-id=\"d321844\" data-element_type=\"section\">\n\t\t\t\t\t\t<div class=\"elementor-container elementor-column-gap-default\">\n\t\t\t\t\t<div class=\"elementor-column elementor-col-100 elementor-top-column elementor-element elementor-element-c6cecc9\" data-id=\"c6cecc9\" data-element_type=\"column\">\n\t\t\t<div class=\"elementor-widget-wrap elementor-element-populated\">\n\t\t\t\t\t\t\t\t<div class=\"elementor-element elementor-element-e629eca elementor-invisible elementor-widget elementor-widget-heading\" data-id=\"e629eca\" data-element_type=\"widget\" data-settings=\"{&quot;_animation&quot;:&quot;bounceInDown&quot;}\" data-widget_type=\"heading.default\">\n\t\t\t\t<div class=\"elementor-widget-container\">\n\t\t\t<style>\/*! elementor - v3.14.0 - 26-06-2023 *\/\n.elementor-heading-title{padding:0;margin:0;line-height:1}.elementor-widget-heading .elementor-heading-title[class*=elementor-size-]>a{color:inherit;font-size:inherit;line-height:inherit}.elementor-widget-heading .elementor-heading-title.elementor-size-small{font-size:15px}.elementor-widget-heading .elementor-heading-title.elementor-size-medium{font-size:19px}.elementor-widget-heading .elementor-heading-title.elementor-size-large{font-size:29px}.elementor-widget-heading .elementor-heading-title.elementor-size-xl{font-size:39px}.elementor-widget-heading .elementor-heading-title.elementor-size-xxl{font-size:59px}<\/style><h1 class=\"elementor-heading-title elementor-size-large\"><b>CONT\u00c1CTANOS<\/b><\/h1>\t\t<\/div>\n\t\t\t\t<\/div>\n\t\t\t\t\t<\/div>\n\t\t<\/div>\n\t\t\t\t\t\t\t<\/div>\n\t\t<\/section>\n\t\t\t\t<section class=\"elementor-section elementor-top-section elementor-element elementor-element-afa3a5a elementor-section-boxed elementor-section-height-default elementor-section-height-default\" data-id=\"afa3a5a\" data-element_type=\"section\">\n\t\t\t\t\t\t<div class=\"elementor-container elementor-column-gap-default\">\n\t\t\t\t\t<div class=\"elementor-column elementor-col-50 elementor-top-column elementor-element elementor-element-f937e90\" data-id=\"f937e90\" data-element_type=\"column\">\n\t\t\t<div class=\"elementor-widget-wrap elementor-element-populated\">\n\t\t\t\t\t\t\t\t<div class=\"elementor-element elementor-element-5a0f9e7 elementor-widget__width-initial elementor-widget elementor-widget-wp-widget-wpforms-widget\" data-id=\"5a0f9e7\" data-element_type=\"widget\" data-widget_type=\"wp-widget-wpforms-widget.default\">\n\t\t\t\t<div class=\"elementor-widget-container\">\n\t\t\t<div class=\"wpforms-container wpforms-container-full wpforms-render-modern\" id=\"wpforms-613\"><form id=\"wpforms-form-613\" class=\"wpforms-validate wpforms-form wpforms-ajax-form\" data-formid=\"613\" method=\"post\" enctype=\"multipart\/form-data\" action=\"\/index.php?rest_route=%2Fwp%2Fv2%2Fpages%2F182\" data-token=\"d72e204852319916da2e8eb9ced7dc5b\"><noscript class=\"wpforms-error-noscript\">Por favor, activa JavaScript en tu navegador para completar este formulario.<\/noscript><div class=\"wpforms-hidden\" id=\"wpforms-error-noscript\">Por favor, activa JavaScript en tu navegador para completar este formulario.<\/div><div class=\"wpforms-field-container\"><div id=\"wpforms-613-field_11-container\" class=\"wpforms-field wpforms-field-select wpforms-field-select-style-modern\" data-field-id=\"11\"><label class=\"wpforms-field-label\" for=\"wpforms-613-field_11\">Selecciona la Estaci\u00f3n de servicio: <span class=\"wpforms-required-label\" aria-hidden=\"true\">*<\/span><\/label><select id=\"wpforms-613-field_11\" class=\"wpforms-field-large wpforms-field-required choicesjs-select\" data-size-class=\"wpforms-field-row wpforms-field-large\" data-search-enabled=\"\" name=\"wpforms[fields][11]\" required=\"required\"><option value=\"\" class=\"placeholder\" disabled  selected='selected'>-<\/option><option value=\"-\" >-<\/option><option value=\"Estaci\u00f3n de servicio 3605\" >Estaci\u00f3n de servicio 3605<\/option><option value=\"Estaci\u00f3n de servicio 8656\" >Estaci\u00f3n de servicio 8656<\/option><\/select><\/div><div id=\"wpforms-613-field_8-container\" class=\"wpforms-field wpforms-field-name\" data-field-id=\"8\"><fieldset><legend class=\"wpforms-field-label\">Nombre completo <span class=\"wpforms-required-label\" aria-hidden=\"true\">*<\/span><\/legend><div class=\"wpforms-field-row wpforms-field-large\"><div class=\"wpforms-field-row-block wpforms-first wpforms-one-half\"><input type=\"text\" id=\"wpforms-613-field_8\" class=\"wpforms-field-name-first wpforms-field-required\" name=\"wpforms[fields][8][first]\" aria-errormessage=\"wpforms-613-field_8-error\" required><label for=\"wpforms-613-field_8\" class=\"wpforms-field-sublabel after \">Nombre<\/label><\/div><div class=\"wpforms-field-row-block wpforms-one-half\"><input type=\"text\" id=\"wpforms-613-field_8-last\" class=\"wpforms-field-name-last wpforms-field-required\" name=\"wpforms[fields][8][last]\" aria-errormessage=\"wpforms-613-field_8-last-error\" required><label for=\"wpforms-613-field_8-last\" class=\"wpforms-field-sublabel after \">Apellidos<\/label><\/div><\/div><\/fieldset><\/div><div id=\"wpforms-613-field_4-container\" class=\"wpforms-field wpforms-field-number\" data-field-id=\"4\"><label class=\"wpforms-field-label\" for=\"wpforms-613-field_4\">N\u00famero telef\u00f3nico <span class=\"wpforms-required-label\" aria-hidden=\"true\">*<\/span><\/label><input type=\"number\" pattern=\"\\d*\" id=\"wpforms-613-field_4\" class=\"wpforms-field-large wpforms-field-required\" name=\"wpforms[fields][4]\" aria-errormessage=\"wpforms-613-field_4-error\" aria-describedby=\"wpforms-613-field_4-description\" required><div id=\"wpforms-613-field_4-description\" class=\"wpforms-field-description\">Escribe tu n\u00famero telef\u00f3nico.<\/div><\/div><div id=\"wpforms-613-field_6-container\" class=\"wpforms-field wpforms-field-email\" data-field-id=\"6\"><fieldset><legend class=\"wpforms-field-label\">Correo electr\u00f3nico <span class=\"wpforms-required-label\" aria-hidden=\"true\">*<\/span><\/legend><div class=\"wpforms-field-row wpforms-field-large\"><div class=\"wpforms-field-row-block wpforms-one-half wpforms-first\"><input type=\"email\" id=\"wpforms-613-field_6\" class=\"wpforms-field-required wpforms-field-email-primary\" name=\"wpforms[fields][6][primary]\" spellcheck=\"false\" aria-errormessage=\"wpforms-613-field_6-error\" required><label for=\"wpforms-613-field_6\" class=\"wpforms-field-sublabel after \">Correo electr\u00f3nico<\/label><\/div><div class=\"wpforms-field-row-block wpforms-one-half\"><input type=\"email\" id=\"wpforms-613-field_6-secondary\" class=\"wpforms-field-email-secondary wpforms-field-required\" data-rule-confirm=\"#wpforms-613-field_6\" name=\"wpforms[fields][6][secondary]\" spellcheck=\"false\" aria-errormessage=\"wpforms-613-field_6-secondary-error\" required><label for=\"wpforms-613-field_6-secondary\" class=\"wpforms-field-sublabel after \">Confirmar el correo electr\u00f3nico<\/label><\/div><\/div><\/fieldset><\/div><div id=\"wpforms-613-field_12-container\" class=\"wpforms-field wpforms-field-textarea\" data-field-id=\"12\"><label class=\"wpforms-field-label\" for=\"wpforms-613-field_12\">\u00bfEn qu\u00e9 te podemos ayudar?<\/label><textarea id=\"wpforms-613-field_12\" class=\"wpforms-field-medium\" name=\"wpforms[fields][12]\" aria-errormessage=\"wpforms-613-field_12-error\" ><\/textarea><\/div><\/div><!-- .wpforms-field-container --><div class=\"wpforms-submit-container\" ><input type=\"hidden\" name=\"wpforms[id]\" value=\"613\"><input type=\"hidden\" name=\"wpforms[author]\" value=\"1\"><button type=\"submit\" name=\"wpforms[submit]\" id=\"wpforms-submit-613\" class=\"wpforms-submit\" data-alt-text=\"Espera un poco, se est\u00e1 enviando...\" data-submit-text=\"Enviar\" aria-live=\"assertive\" value=\"wpforms-submit\">Enviar<\/button><img decoding=\"async\" loading=\"lazy\" src=\"https:\/\/integrantes.com.mx\/wp-content\/plugins\/wpforms-lite\/assets\/images\/submit-spin.svg\" class=\"wpforms-submit-spinner\" style=\"display: none;\" width=\"26\" height=\"26\" alt=\"Cargando\"><\/div><\/form><\/div>  <!-- .wpforms-container -->\t\t<\/div>\n\t\t\t\t<\/div>\n\t\t\t\t\t<\/div>\n\t\t<\/div>\n\t\t\t\t<div class=\"elementor-column elementor-col-50 elementor-top-column elementor-element elementor-element-f2068de\" data-id=\"f2068de\" data-element_type=\"column\">\n\t\t\t<div class=\"elementor-widget-wrap elementor-element-populated\">\n\t\t\t\t\t\t\t\t<div class=\"elementor-element elementor-element-ceb8438 elementor-widget elementor-widget-image\" data-id=\"ceb8438\" data-element_type=\"widget\" data-widget_type=\"image.default\">\n\t\t\t\t<div class=\"elementor-widget-container\">\n\t\t\t<style>\/*! elementor - v3.14.0 - 26-06-2023 *\/\n.elementor-widget-image{text-align:center}.elementor-widget-image a{display:inline-block}.elementor-widget-image a img[src$=\".svg\"]{width:48px}.elementor-widget-image img{vertical-align:middle;display:inline-block}<\/style>\t\t\t\t\t\t\t\t\t\t\t\t<img decoding=\"async\" width=\"500\" height=\"750\" src=\"https:\/\/integrantes.com.mx\/wp-content\/uploads\/2023\/07\/Contactanos.jpg\" class=\"attachment-large size-large wp-image-662\" alt=\"\" loading=\"lazy\" srcset=\"https:\/\/integrantes.com.mx\/wp-content\/uploads\/2023\/07\/Contactanos.jpg 500w, https:\/\/integrantes.com.mx\/wp-content\/uploads\/2023\/07\/Contactanos-200x300.jpg 200w\" sizes=\"(max-width: 500px) 100vw, 500px\" \/>\t\t\t\t\t\t\t\t\t\t\t\t\t\t\t<\/div>\n\t\t\t\t<\/div>\n\t\t\t\t\t<\/div>\n\t\t<\/div>\n\t\t\t\t\t\t\t<\/div>\n\t\t<\/section>\n\t\t\t\t<section class=\"elementor-section elementor-top-section elementor-element elementor-element-e3172e4 elementor-section-boxed elementor-section-height-default elementor-section-height-default\" data-id=\"e3172e4\" data-element_type=\"section\">\n\t\t\t\t\t\t<div class=\"elementor-container elementor-column-gap-default\">\n\t\t\t\t\t<div class=\"elementor-column elementor-col-100 elementor-top-column elementor-element elementor-element-664120c\" data-id=\"664120c\" data-element_type=\"column\">\n\t\t\t<div class=\"elementor-widget-wrap elementor-element-populated\">\n\t\t\t\t\t\t\t\t<div class=\"elementor-element elementor-element-2ba2aba elementor-widget elementor-widget-spacer\" data-id=\"2ba2aba\" data-element_type=\"widget\" data-widget_type=\"spacer.default\">\n\t\t\t\t<div class=\"elementor-widget-container\">\n\t\t\t<style>\/*! elementor - v3.14.0 - 26-06-2023 *\/\n.elementor-column .elementor-spacer-inner{height:var(--spacer-size)}.e-con{--container-widget-width:100%}.e-con-inner>.elementor-widget-spacer,.e-con>.elementor-widget-spacer{width:var(--container-widget-width,var(--spacer-size));--align-self:var(--container-widget-align-self,initial);--flex-shrink:0}.e-con-inner>.elementor-widget-spacer>.elementor-widget-container,.e-con-inner>.elementor-widget-spacer>.elementor-widget-container>.elementor-spacer,.e-con>.elementor-widget-spacer>.elementor-widget-container,.e-con>.elementor-widget-spacer>.elementor-widget-container>.elementor-spacer{height:100%}.e-con-inner>.elementor-widget-spacer>.elementor-widget-container>.elementor-spacer>.elementor-spacer-inner,.e-con>.elementor-widget-spacer>.elementor-widget-container>.elementor-spacer>.elementor-spacer-inner{height:var(--container-widget-height,var(--spacer-size))}<\/style>\t\t<div class=\"elementor-spacer\">\n\t\t\t<div class=\"elementor-spacer-inner\"><\/div>\n\t\t<\/div>\n\t\t\t\t<\/div>\n\t\t\t\t<\/div>\n\t\t\t\t\t<\/div>\n\t\t<\/div>\n\t\t\t\t\t\t\t<\/div>\n\t\t<\/section>\n\t\t\t\t<section class=\"elementor-section elementor-top-section elementor-element elementor-element-b9a10ab elementor-section-full_width elementor-section-height-default elementor-section-height-default\" data-id=\"b9a10ab\" data-element_type=\"section\">\n\t\t\t\t\t\t<div class=\"elementor-container elementor-column-gap-default\">\n\t\t\t\t\t<div class=\"elementor-column elementor-col-33 elementor-top-column elementor-element elementor-element-2e89722\" data-id=\"2e89722\" data-element_type=\"column\">\n\t\t\t<div class=\"elementor-widget-wrap elementor-element-populated\">\n\t\t\t\t\t\t\t\t<div class=\"elementor-element elementor-element-3049ff2 elementor-widget elementor-widget-text-editor\" data-id=\"3049ff2\" data-element_type=\"widget\" data-widget_type=\"text-editor.default\">\n\t\t\t\t<div class=\"elementor-widget-container\">\n\t\t\t<style>\/*! elementor - v3.14.0 - 26-06-2023 *\/\n.elementor-widget-text-editor.elementor-drop-cap-view-stacked .elementor-drop-cap{background-color:#69727d;color:#fff}.elementor-widget-text-editor.elementor-drop-cap-view-framed .elementor-drop-cap{color:#69727d;border:3px solid;background-color:transparent}.elementor-widget-text-editor:not(.elementor-drop-cap-view-default) .elementor-drop-cap{margin-top:8px}.elementor-widget-text-editor:not(.elementor-drop-cap-view-default) .elementor-drop-cap-letter{width:1em;height:1em}.elementor-widget-text-editor .elementor-drop-cap{float:left;text-align:center;line-height:1;font-size:50px}.elementor-widget-text-editor .elementor-drop-cap-letter{display:inline-block}<\/style>\t\t\t\t<p style=\"text-align: justify; line-height: normal; background-image: initial; background-position: initial; background-size: initial; background-repeat: initial; background-attachment: initial; background-origin: initial; background-clip: initial;\"><b><span style=\"font-size: 21pt; color: #444444;\">Oficinas<\/span><\/b><\/p><h3>Carretera M\u00e9xico \u2013 Huixquilucan Km 16.5, San Crist\u00f3bal Texcalucan Huixquilucan, Estado de M\u00e9xico.<\/h3>\t\t\t\t\t\t<\/div>\n\t\t\t\t<\/div>\n\t\t\t\t\t<\/div>\n\t\t<\/div>\n\t\t\t\t<div class=\"elementor-column elementor-col-33 elementor-top-column elementor-element elementor-element-61d6d26\" data-id=\"61d6d26\" data-element_type=\"column\">\n\t\t\t<div class=\"elementor-widget-wrap elementor-element-populated\">\n\t\t\t\t\t\t\t\t<div class=\"elementor-element elementor-element-00f1a94 elementor-widget elementor-widget-text-editor\" data-id=\"00f1a94\" data-element_type=\"widget\" data-widget_type=\"text-editor.default\">\n\t\t\t\t<div class=\"elementor-widget-container\">\n\t\t\t\t\t\t\t<p style=\"font-size: 14px; background-image: initial; background-position: initial; background-size: initial; background-repeat: initial; background-attachment: initial; background-origin: initial; background-clip: initial; line-height: normal; text-align: left;\"><span style=\"font-weight: bold; font-size: 14px;\"><span style=\"font-size: 21pt; color: #444444;\">Correo<\/span><\/span><\/p><h3 style=\"margin-top: 1.71429rem; margin-bottom: 1.71429rem; font-size: 1.28571rem;\"><span style=\"font-size: 12pt; line-height: 107%;\"><a href=\"mailto:gasolinera3605@integrantes.com.mx\">estacion3605@integrantes.com.mx<br \/><\/a><\/span><span style=\"font-size: 12pt; line-height: 107%;\"><a href=\"mailto:gasolinera8656@integrantes.com.mx\">estacion8656@integrantes.com.mx<\/a><\/span><\/h3>\t\t\t\t\t\t<\/div>\n\t\t\t\t<\/div>\n\t\t\t\t\t<\/div>\n\t\t<\/div>\n\t\t\t\t<div class=\"elementor-column elementor-col-33 elementor-top-column elementor-element elementor-element-6ee30df\" data-id=\"6ee30df\" data-element_type=\"column\">\n\t\t\t<div class=\"elementor-widget-wrap elementor-element-populated\">\n\t\t\t\t\t\t\t\t<div class=\"elementor-element elementor-element-9bda75d elementor-widget elementor-widget-text-editor\" data-id=\"9bda75d\" data-element_type=\"widget\" data-widget_type=\"text-editor.default\">\n\t\t\t\t<div class=\"elementor-widget-container\">\n\t\t\t\t\t\t\t<p style=\"font-size: 14px; line-height: normal; background-image: initial; background-position: initial; background-size: initial; background-repeat: initial; background-attachment: initial; background-origin: initial; background-clip: initial; text-align: left;\"><span style=\"font-weight: bold; font-size: 14px;\"><span style=\"font-size: 21pt; color: #444444;\">Tel\u00e9fonos<\/span><\/span><\/p><h3 style=\"margin-top: 1.71429rem; margin-bottom: 1.71429rem; line-height: 1.84615; font-size: 1.14286rem; text-align: justify;\">Estaci\u00f3n 3605: 55 8288 0714<br \/>Estaci\u00f3n 8656: 55 4022 7415<\/h3>\t\t\t\t\t\t<\/div>\n\t\t\t\t<\/div>\n\t\t\t\t\t<\/div>\n\t\t<\/div>\n\t\t\t\t\t\t\t<\/div>\n\t\t<\/section>\n\t\t\t\t<section class=\"elementor-section elementor-top-section elementor-element elementor-element-a0f153b elementor-section-boxed elementor-section-height-default elementor-section-height-default\" data-id=\"a0f153b\" data-element_type=\"section\">\n\t\t\t\t\t\t<div class=\"elementor-container elementor-column-gap-default\">\n\t\t\t\t\t<div class=\"elementor-column elementor-col-100 elementor-top-column elementor-element elementor-element-9e4e034\" data-id=\"9e4e034\" data-element_type=\"column\">\n\t\t\t<div class=\"elementor-widget-wrap elementor-element-populated\">\n\t\t\t\t\t\t\t\t<div class=\"elementor-element elementor-element-8d93f08 elementor-widget elementor-widget-google_maps\" data-id=\"8d93f08\" data-element_type=\"widget\" data-widget_type=\"google_maps.default\">\n\t\t\t\t<div class=\"elementor-widget-container\">\n\t\t\t<style>\/*! elementor - v3.14.0 - 26-06-2023 *\/\n.elementor-widget-google_maps .elementor-widget-container{overflow:hidden}.elementor-widget-google_maps .elementor-custom-embed{line-height:0}.elementor-widget-google_maps iframe{height:300px}<\/style>\t\t<div class=\"elementor-custom-embed\">\n\t\t\t<iframe loading=\"lazy\"\n\t\t\t\t\tsrc=\"https:\/\/maps.google.com\/maps?q=Carretera%20M%C3%A9xico%20Huixquilucan%20Km%2016.5%2C%20San%20Cristobal%20Texcalucan%20Huixquilucan%2C%20Estado%20de%20M%C3%A9xico.&#038;t=m&#038;z=10&#038;output=embed&#038;iwloc=near\"\n\t\t\t\t\ttitle=\"Carretera M\u00e9xico Huixquilucan Km 16.5, San Cristobal Texcalucan Huixquilucan, Estado de M\u00e9xico.\"\n\t\t\t\t\taria-label=\"Carretera M\u00e9xico Huixquilucan Km 16.5, San Cristobal Texcalucan Huixquilucan, Estado de M\u00e9xico.\"\n\t\t\t><\/iframe>\n\t\t<\/div>\n\t\t\t\t<\/div>\n\t\t\t\t<\/div>\n\t\t\t\t\t<\/div>\n\t\t<\/div>\n\t\t\t\t\t\t\t<\/div>\n\t\t<\/section>\n\t\t\t\t<section class=\"elementor-section elementor-top-section elementor-element elementor-element-57904d3 elementor-section-boxed elementor-section-height-default elementor-section-height-default\" data-id=\"57904d3\" data-element_type=\"section\">\n\t\t\t\t\t\t<div class=\"elementor-container elementor-column-gap-default\">\n\t\t\t\t\t<div class=\"elementor-column elementor-col-100 elementor-top-column elementor-element elementor-element-c8a57c4\" data-id=\"c8a57c4\" data-element_type=\"column\">\n\t\t\t<div class=\"elementor-widget-wrap\">\n\t\t\t\t\t\t\t\t\t<\/div>\n\t\t<\/div>\n\t\t\t\t\t\t\t<\/div>\n\t\t<\/section>\n\t\t\t\t\t\t\t<\/div>\n\t\t","protected":false},"excerpt":{"rendered":"<p>CONT\u00c1CTANOS Oficinas Carretera M\u00e9xico \u2013 Huixquilucan Km 16.5, San Crist\u00f3bal Texcalucan Huixquilucan, Estado de M\u00e9xico. Correo estacion3605@integrantes.com.mxestacion8656@integrantes.com.mx Tel\u00e9fonos Estaci\u00f3n 3605: 55 8288 0714Estaci\u00f3n 8656: 55 4022 7415<\/p>\n","protected":false},"author":1,"featured_media":0,"parent":0,"menu_order":0,"comment_status":"closed","ping_status":"closed","template":"","meta":[],"_links":{"self":[{"href":"https:\/\/integrantes.com.mx\/index.php?rest_route=\/wp\/v2\/pages\/182"}],"collection":[{"href":"https:\/\/integrantes.com.mx\/index.php?rest_route=\/wp\/v2\/pages"}],"about":[{"href":"https:\/\/integrantes.com.mx\/index.php?rest_route=\/wp\/v2\/types\/page"}],"author":[{"embeddable":true,"href":"https:\/\/integrantes.com.mx\/index.php?rest_route=\/wp\/v2\/users\/1"}],"replies":[{"embeddable":true,"href":"https:\/\/integrantes.com.mx\/index.php?rest_route=%2Fwp%2Fv2%2Fcomments&post=182"}],"version-history":[{"count":76,"href":"https:\/\/integrantes.com.mx\/index.php?rest_route=\/wp\/v2\/pages\/182\/revisions"}],"predecessor-version":[{"id":1003,"href":"https:\/\/integrantes.com.mx\/index.php?rest_route=\/wp\/v2\/pages\/182\/revisions\/1003"}],"wp:attachment":[{"href":"https:\/\/integrantes.com.mx\/index.php?rest_route=%2Fwp%2Fv2%2Fmedia&parent=182"}],"curies":[{"name":"wp","href":"https:\/\/api.w.org\/{rel}","templated":true}]}}