{"id":185,"date":"2023-07-19T17:23:24","date_gmt":"2023-07-19T17:23:24","guid":{"rendered":"https:\/\/integrantes.com.mx\/?page_id=185"},"modified":"2023-08-02T21:41:05","modified_gmt":"2023-08-02T21:41:05","slug":"facturacion","status":"publish","type":"page","link":"https:\/\/integrantes.com.mx\/?page_id=185","title":{"rendered":"Facturaci\u00f3n"},"content":{"rendered":"\t\t<div data-elementor-type=\"wp-page\" data-elementor-id=\"185\" class=\"elementor elementor-185\">\n\t\t\t\t\t\t\t\t\t<section class=\"elementor-section elementor-top-section elementor-element elementor-element-df0878f elementor-section-boxed elementor-section-height-default elementor-section-height-default\" data-id=\"df0878f\" data-element_type=\"section\">\n\t\t\t\t\t\t<div class=\"elementor-container elementor-column-gap-default\">\n\t\t\t\t\t<div class=\"elementor-column elementor-col-100 elementor-top-column elementor-element elementor-element-20a0d95\" data-id=\"20a0d95\" data-element_type=\"column\">\n\t\t\t<div class=\"elementor-widget-wrap elementor-element-populated\">\n\t\t\t\t\t\t\t\t<div class=\"elementor-element elementor-element-28850e7 elementor-invisible elementor-widget elementor-widget-heading\" data-id=\"28850e7\" data-element_type=\"widget\" data-settings=\"{&quot;_animation&quot;:&quot;bounceInDown&quot;}\" data-widget_type=\"heading.default\">\n\t\t\t\t<div class=\"elementor-widget-container\">\n\t\t\t<style>\/*! elementor - v3.14.0 - 26-06-2023 *\/\n.elementor-heading-title{padding:0;margin:0;line-height:1}.elementor-widget-heading .elementor-heading-title[class*=elementor-size-]>a{color:inherit;font-size:inherit;line-height:inherit}.elementor-widget-heading .elementor-heading-title.elementor-size-small{font-size:15px}.elementor-widget-heading .elementor-heading-title.elementor-size-medium{font-size:19px}.elementor-widget-heading .elementor-heading-title.elementor-size-large{font-size:29px}.elementor-widget-heading .elementor-heading-title.elementor-size-xl{font-size:39px}.elementor-widget-heading .elementor-heading-title.elementor-size-xxl{font-size:59px}<\/style><h2 class=\"elementor-heading-title elementor-size-large\"><b>FACTURACI\u00d3N<\/b><\/h2>\t\t<\/div>\n\t\t\t\t<\/div>\n\t\t\t\t\t<\/div>\n\t\t<\/div>\n\t\t\t\t\t\t\t<\/div>\n\t\t<\/section>\n\t\t\t\t<section class=\"elementor-section elementor-top-section elementor-element elementor-element-3f219da elementor-section-boxed elementor-section-height-default elementor-section-height-default\" data-id=\"3f219da\" data-element_type=\"section\">\n\t\t\t\t\t\t<div class=\"elementor-container elementor-column-gap-default\">\n\t\t\t\t\t<div class=\"elementor-column elementor-col-50 elementor-top-column elementor-element elementor-element-5ca8d07\" data-id=\"5ca8d07\" data-element_type=\"column\">\n\t\t\t<div class=\"elementor-widget-wrap elementor-element-populated\">\n\t\t\t\t\t\t\t\t<div class=\"elementor-element elementor-element-e08f712 elementor-widget elementor-widget-image\" data-id=\"e08f712\" data-element_type=\"widget\" data-widget_type=\"image.default\">\n\t\t\t\t<div class=\"elementor-widget-container\">\n\t\t\t<style>\/*! elementor - v3.14.0 - 26-06-2023 *\/\n.elementor-widget-image{text-align:center}.elementor-widget-image a{display:inline-block}.elementor-widget-image a img[src$=\".svg\"]{width:48px}.elementor-widget-image img{vertical-align:middle;display:inline-block}<\/style>\t\t\t\t\t\t\t\t\t\t\t\t<img decoding=\"async\" width=\"788\" height=\"482\" src=\"https:\/\/integrantes.com.mx\/wp-content\/uploads\/2023\/07\/Facturacion-electronica.jpg\" class=\"attachment-large size-large wp-image-471\" alt=\"\" loading=\"lazy\" srcset=\"https:\/\/integrantes.com.mx\/wp-content\/uploads\/2023\/07\/Facturacion-electronica.jpg 788w, https:\/\/integrantes.com.mx\/wp-content\/uploads\/2023\/07\/Facturacion-electronica-300x184.jpg 300w, https:\/\/integrantes.com.mx\/wp-content\/uploads\/2023\/07\/Facturacion-electronica-768x470.jpg 768w\" sizes=\"(max-width: 788px) 100vw, 788px\" \/>\t\t\t\t\t\t\t\t\t\t\t\t\t\t\t<\/div>\n\t\t\t\t<\/div>\n\t\t\t\t\t<\/div>\n\t\t<\/div>\n\t\t\t\t<div class=\"elementor-column elementor-col-50 elementor-top-column elementor-element elementor-element-1f01d59\" data-id=\"1f01d59\" data-element_type=\"column\">\n\t\t\t<div class=\"elementor-widget-wrap elementor-element-populated\">\n\t\t\t\t\t\t\t\t<div class=\"elementor-element elementor-element-3322f4b elementor-widget elementor-widget-text-editor\" data-id=\"3322f4b\" data-element_type=\"widget\" data-widget_type=\"text-editor.default\">\n\t\t\t\t<div class=\"elementor-widget-container\">\n\t\t\t<style>\/*! elementor - v3.14.0 - 26-06-2023 *\/\n.elementor-widget-text-editor.elementor-drop-cap-view-stacked .elementor-drop-cap{background-color:#69727d;color:#fff}.elementor-widget-text-editor.elementor-drop-cap-view-framed .elementor-drop-cap{color:#69727d;border:3px solid;background-color:transparent}.elementor-widget-text-editor:not(.elementor-drop-cap-view-default) .elementor-drop-cap{margin-top:8px}.elementor-widget-text-editor:not(.elementor-drop-cap-view-default) .elementor-drop-cap-letter{width:1em;height:1em}.elementor-widget-text-editor .elementor-drop-cap{float:left;text-align:center;line-height:1;font-size:50px}.elementor-widget-text-editor .elementor-drop-cap-letter{display:inline-block}<\/style>\t\t\t\t<h6 style=\"margin-top: 0cm; background-image: initial; background-position: initial; background-size: initial; background-repeat: initial; background-attachment: initial; background-origin: initial; background-clip: initial;\"><b><span style=\"font-size: 12pt; line-height: 107%; padding: 0cm; border: 1pt none windowtext;\">\u00a0<\/span><\/b><\/h6><h1 style=\"margin-top: 0cm; background-image: initial; background-position: initial; background-size: initial; background-repeat: initial; background-attachment: initial; background-origin: initial; background-clip: initial;\"><b><span style=\"font-size: 12pt; line-height: 107%; padding: 0cm; border: 1pt none windowtext;\">REQUISITOS PARA FACTURAR:<\/span><\/b><\/h1><ol><li style=\"margin-bottom: 0cm; line-height: normal; background-image: initial; background-position: initial; background-size: initial; background-repeat: initial; background-attachment: initial; background-origin: initial; background-clip: initial;\"><span style=\"font-size: 10.5pt;\">Selecciona la\u00a0<span style=\"padding: 0cm; border: 1pt none windowtext;\">estaci\u00f3n de servicio a la cual acudiste<\/span>.<\/span><\/li><li style=\"margin-bottom: 0cm; line-height: normal; background-image: initial; background-position: initial; background-size: initial; background-repeat: initial; background-attachment: initial; background-origin: initial; background-clip: initial;\"><span style=\"font-size: 10.5pt;\">Ticket de carga.<\/span><\/li><li style=\"margin-bottom: 0cm; line-height: normal; background-image: initial; background-position: initial; background-size: initial; background-repeat: initial; background-attachment: initial; background-origin: initial; background-clip: initial;\"><span style=\"font-size: 10.5pt;\">RFC.<\/span><\/li><li style=\"margin-bottom: 0cm; line-height: normal; background-image: initial; background-position: initial; background-size: initial; background-repeat: initial; background-attachment: initial; background-origin: initial; background-clip: initial;\"><span style=\"font-size: 10.5pt;\">Raz\u00f3n Social.<\/span><\/li><li style=\"margin-bottom: 0cm; line-height: normal; background-image: initial; background-position: initial; background-size: initial; background-repeat: initial; background-attachment: initial; background-origin: initial; background-clip: initial;\"><span style=\"font-size: 10.5pt;\">R\u00e9gimen Fiscal.<\/span><\/li><li style=\"margin-bottom: 0cm; line-height: normal; background-image: initial; background-position: initial; background-size: initial; background-repeat: initial; background-attachment: initial; background-origin: initial; background-clip: initial;\"><span style=\"font-size: 10.5pt;\">Uso de CFDI.<\/span><\/li><li style=\"margin-bottom: 0cm; line-height: normal; background-image: initial; background-position: initial; background-size: initial; background-repeat: initial; background-attachment: initial; background-origin: initial; background-clip: initial;\"><span style=\"font-size: 10.5pt;\">C\u00f3digo Postal (debe coincidir con el registrado en el SAT).<\/span><\/li><\/ol>\t\t\t\t\t\t<\/div>\n\t\t\t\t<\/div>\n\t\t\t\t<div class=\"elementor-element elementor-element-3a5329c elementor-widget elementor-widget-text-editor\" data-id=\"3a5329c\" data-element_type=\"widget\" data-widget_type=\"text-editor.default\">\n\t\t\t\t<div class=\"elementor-widget-container\">\n\t\t\t\t\t\t\t<div style=\"font-size: 14px;\"><i style=\"font-weight: bold;\">NOTA. <\/i>Los tickets s\u00f3lo se pueden facturar en el mes en el que fueron emitidos.<\/div>\t\t\t\t\t\t<\/div>\n\t\t\t\t<\/div>\n\t\t\t\t\t<\/div>\n\t\t<\/div>\n\t\t\t\t\t\t\t<\/div>\n\t\t<\/section>\n\t\t\t\t<section class=\"elementor-section elementor-top-section elementor-element elementor-element-7359a6f elementor-section-boxed elementor-section-height-default elementor-section-height-default\" data-id=\"7359a6f\" data-element_type=\"section\">\n\t\t\t\t\t\t<div class=\"elementor-container elementor-column-gap-default\">\n\t\t\t\t\t<div class=\"elementor-column elementor-col-50 elementor-top-column elementor-element elementor-element-3bf0fd7\" data-id=\"3bf0fd7\" data-element_type=\"column\">\n\t\t\t<div class=\"elementor-widget-wrap elementor-element-populated\">\n\t\t\t\t\t\t\t\t<div class=\"elementor-element elementor-element-6fe573b elementor-widget elementor-widget-spacer\" data-id=\"6fe573b\" data-element_type=\"widget\" data-widget_type=\"spacer.default\">\n\t\t\t\t<div class=\"elementor-widget-container\">\n\t\t\t<style>\/*! elementor - v3.14.0 - 26-06-2023 *\/\n.elementor-column .elementor-spacer-inner{height:var(--spacer-size)}.e-con{--container-widget-width:100%}.e-con-inner>.elementor-widget-spacer,.e-con>.elementor-widget-spacer{width:var(--container-widget-width,var(--spacer-size));--align-self:var(--container-widget-align-self,initial);--flex-shrink:0}.e-con-inner>.elementor-widget-spacer>.elementor-widget-container,.e-con-inner>.elementor-widget-spacer>.elementor-widget-container>.elementor-spacer,.e-con>.elementor-widget-spacer>.elementor-widget-container,.e-con>.elementor-widget-spacer>.elementor-widget-container>.elementor-spacer{height:100%}.e-con-inner>.elementor-widget-spacer>.elementor-widget-container>.elementor-spacer>.elementor-spacer-inner,.e-con>.elementor-widget-spacer>.elementor-widget-container>.elementor-spacer>.elementor-spacer-inner{height:var(--container-widget-height,var(--spacer-size))}<\/style>\t\t<div class=\"elementor-spacer\">\n\t\t\t<div class=\"elementor-spacer-inner\"><\/div>\n\t\t<\/div>\n\t\t\t\t<\/div>\n\t\t\t\t<\/div>\n\t\t\t\t<div class=\"elementor-element elementor-element-11455ba elementor-invisible elementor-widget elementor-widget-heading\" data-id=\"11455ba\" data-element_type=\"widget\" data-settings=\"{&quot;_animation&quot;:&quot;fadeInDown&quot;}\" data-widget_type=\"heading.default\">\n\t\t\t\t<div class=\"elementor-widget-container\">\n\t\t\t<span class=\"elementor-heading-title elementor-size-medium\"><b>ESTACI\u00d3N DE SERVICIO 3605<\/b><\/span>\t\t<\/div>\n\t\t\t\t<\/div>\n\t\t\t\t<div class=\"elementor-element elementor-element-48d71c6 elementor-invisible elementor-widget elementor-widget-heading\" data-id=\"48d71c6\" data-element_type=\"widget\" data-settings=\"{&quot;_animation&quot;:&quot;fadeInDown&quot;}\" data-widget_type=\"heading.default\">\n\t\t\t\t<div class=\"elementor-widget-container\">\n\t\t\t<span class=\"elementor-heading-title elementor-size-small\">A UN LADO DEL BANORTE<\/span>\t\t<\/div>\n\t\t\t\t<\/div>\n\t\t\t\t<div class=\"elementor-element elementor-element-42b8f4f elementor-widget elementor-widget-image\" data-id=\"42b8f4f\" data-element_type=\"widget\" data-widget_type=\"image.default\">\n\t\t\t\t<div class=\"elementor-widget-container\">\n\t\t\t\t\t\t\t\t\t\t\t\t\t\t\t<img decoding=\"async\" width=\"1024\" height=\"769\" src=\"https:\/\/integrantes.com.mx\/wp-content\/uploads\/2023\/07\/GASOLINERA-TAXCA2-1024x769.jpg\" class=\"attachment-large size-large wp-image-232\" alt=\"\" loading=\"lazy\" srcset=\"https:\/\/integrantes.com.mx\/wp-content\/uploads\/2023\/07\/GASOLINERA-TAXCA2-1024x769.jpg 1024w, https:\/\/integrantes.com.mx\/wp-content\/uploads\/2023\/07\/GASOLINERA-TAXCA2-300x225.jpg 300w, https:\/\/integrantes.com.mx\/wp-content\/uploads\/2023\/07\/GASOLINERA-TAXCA2-768x577.jpg 768w, https:\/\/integrantes.com.mx\/wp-content\/uploads\/2023\/07\/GASOLINERA-TAXCA2-800x601.jpg 800w, https:\/\/integrantes.com.mx\/wp-content\/uploads\/2023\/07\/GASOLINERA-TAXCA2-400x300.jpg 400w, https:\/\/integrantes.com.mx\/wp-content\/uploads\/2023\/07\/GASOLINERA-TAXCA2.jpg 1373w\" sizes=\"(max-width: 1024px) 100vw, 1024px\" \/>\t\t\t\t\t\t\t\t\t\t\t\t\t\t\t<\/div>\n\t\t\t\t<\/div>\n\t\t\t\t<div class=\"elementor-element elementor-element-2fccbb2 elementor-widget elementor-widget-button\" data-id=\"2fccbb2\" data-element_type=\"widget\" data-widget_type=\"button.default\">\n\t\t\t\t<div class=\"elementor-widget-container\">\n\t\t\t\t\t<div class=\"elementor-button-wrapper\">\n\t\t\t<a class=\"elementor-button elementor-button-link elementor-size-sm\" href=\"http:\/\/38.123.201.85:8088\/ControlGasFE\/\">\n\t\t\t\t\t\t<span class=\"elementor-button-content-wrapper\">\n\t\t\t\t\t\t<span class=\"elementor-button-text\">FACTURAR<\/span>\n\t\t<\/span>\n\t\t\t\t\t<\/a>\n\t\t<\/div>\n\t\t\t\t<\/div>\n\t\t\t\t<\/div>\n\t\t\t\t\t<\/div>\n\t\t<\/div>\n\t\t\t\t<div class=\"elementor-column elementor-col-50 elementor-top-column elementor-element elementor-element-b5fe5ce\" data-id=\"b5fe5ce\" data-element_type=\"column\">\n\t\t\t<div class=\"elementor-widget-wrap elementor-element-populated\">\n\t\t\t\t\t\t\t\t<div class=\"elementor-element elementor-element-f609955 elementor-widget elementor-widget-spacer\" data-id=\"f609955\" data-element_type=\"widget\" data-widget_type=\"spacer.default\">\n\t\t\t\t<div class=\"elementor-widget-container\">\n\t\t\t\t\t<div class=\"elementor-spacer\">\n\t\t\t<div class=\"elementor-spacer-inner\"><\/div>\n\t\t<\/div>\n\t\t\t\t<\/div>\n\t\t\t\t<\/div>\n\t\t\t\t<div class=\"elementor-element elementor-element-e1c6ffa elementor-invisible elementor-widget elementor-widget-heading\" data-id=\"e1c6ffa\" data-element_type=\"widget\" data-settings=\"{&quot;_animation&quot;:&quot;fadeInDown&quot;}\" data-widget_type=\"heading.default\">\n\t\t\t\t<div class=\"elementor-widget-container\">\n\t\t\t<div class=\"elementor-heading-title elementor-size-medium\"><b>ESTACI\u00d3N DE SERVICIO 8656<\/b><\/div>\t\t<\/div>\n\t\t\t\t<\/div>\n\t\t\t\t<div class=\"elementor-element elementor-element-013be05 elementor-invisible elementor-widget elementor-widget-heading\" data-id=\"013be05\" data-element_type=\"widget\" data-settings=\"{&quot;_animation&quot;:&quot;fadeInDown&quot;}\" data-widget_type=\"heading.default\">\n\t\t\t\t<div class=\"elementor-widget-container\">\n\t\t\t<span class=\"elementor-heading-title elementor-size-small\">AUTOPISTA CHAMAPA LA VENTA<\/span>\t\t<\/div>\n\t\t\t\t<\/div>\n\t\t\t\t<div class=\"elementor-element elementor-element-19e0a0c elementor-widget elementor-widget-image\" data-id=\"19e0a0c\" data-element_type=\"widget\" data-widget_type=\"image.default\">\n\t\t\t\t<div class=\"elementor-widget-container\">\n\t\t\t\t\t\t\t\t\t\t\t\t\t\t\t<img decoding=\"async\" width=\"1024\" height=\"769\" src=\"https:\/\/integrantes.com.mx\/wp-content\/uploads\/2023\/07\/GASOLINERA-TAXCA-1-1024x769.jpg\" class=\"attachment-large size-large wp-image-556\" alt=\"\" loading=\"lazy\" srcset=\"https:\/\/integrantes.com.mx\/wp-content\/uploads\/2023\/07\/GASOLINERA-TAXCA-1-1024x769.jpg 1024w, https:\/\/integrantes.com.mx\/wp-content\/uploads\/2023\/07\/GASOLINERA-TAXCA-1-300x225.jpg 300w, https:\/\/integrantes.com.mx\/wp-content\/uploads\/2023\/07\/GASOLINERA-TAXCA-1-768x577.jpg 768w, https:\/\/integrantes.com.mx\/wp-content\/uploads\/2023\/07\/GASOLINERA-TAXCA-1-800x601.jpg 800w, https:\/\/integrantes.com.mx\/wp-content\/uploads\/2023\/07\/GASOLINERA-TAXCA-1-400x300.jpg 400w, https:\/\/integrantes.com.mx\/wp-content\/uploads\/2023\/07\/GASOLINERA-TAXCA-1.jpg 1373w\" sizes=\"(max-width: 1024px) 100vw, 1024px\" \/>\t\t\t\t\t\t\t\t\t\t\t\t\t\t\t<\/div>\n\t\t\t\t<\/div>\n\t\t\t\t<div class=\"elementor-element elementor-element-80173b0 elementor-widget elementor-widget-button\" data-id=\"80173b0\" data-element_type=\"widget\" data-widget_type=\"button.default\">\n\t\t\t\t<div class=\"elementor-widget-container\">\n\t\t\t\t\t<div class=\"elementor-button-wrapper\">\n\t\t\t<a class=\"elementor-button elementor-button-link elementor-size-sm\" href=\"http:\/\/38.123.197.185:8088\/ControlGasFE\/\">\n\t\t\t\t\t\t<span class=\"elementor-button-content-wrapper\">\n\t\t\t\t\t\t<span class=\"elementor-button-text\">FACTURAR<\/span>\n\t\t<\/span>\n\t\t\t\t\t<\/a>\n\t\t<\/div>\n\t\t\t\t<\/div>\n\t\t\t\t<\/div>\n\t\t\t\t\t<\/div>\n\t\t<\/div>\n\t\t\t\t\t\t\t<\/div>\n\t\t<\/section>\n\t\t\t\t<section class=\"elementor-section elementor-top-section elementor-element elementor-element-d2573c7 elementor-section-boxed elementor-section-height-default elementor-section-height-default\" data-id=\"d2573c7\" data-element_type=\"section\">\n\t\t\t\t\t\t<div class=\"elementor-container elementor-column-gap-default\">\n\t\t\t\t\t<div class=\"elementor-column elementor-col-100 elementor-top-column elementor-element elementor-element-be5a46a\" data-id=\"be5a46a\" data-element_type=\"column\">\n\t\t\t<div class=\"elementor-widget-wrap elementor-element-populated\">\n\t\t\t\t\t\t\t\t<div class=\"elementor-element elementor-element-b6db51b elementor-widget elementor-widget-spacer\" data-id=\"b6db51b\" data-element_type=\"widget\" data-widget_type=\"spacer.default\">\n\t\t\t\t<div class=\"elementor-widget-container\">\n\t\t\t\t\t<div class=\"elementor-spacer\">\n\t\t\t<div class=\"elementor-spacer-inner\"><\/div>\n\t\t<\/div>\n\t\t\t\t<\/div>\n\t\t\t\t<\/div>\n\t\t\t\t\t<\/div>\n\t\t<\/div>\n\t\t\t\t\t\t\t<\/div>\n\t\t<\/section>\n\t\t\t\t<section class=\"elementor-section elementor-top-section elementor-element elementor-element-deac216 elementor-section-boxed elementor-section-height-default elementor-section-height-default\" data-id=\"deac216\" data-element_type=\"section\">\n\t\t\t\t\t\t<div class=\"elementor-container elementor-column-gap-default\">\n\t\t\t\t\t<div class=\"elementor-column elementor-col-100 elementor-top-column elementor-element elementor-element-40c84de\" data-id=\"40c84de\" data-element_type=\"column\">\n\t\t\t<div class=\"elementor-widget-wrap elementor-element-populated\">\n\t\t\t\t\t\t\t\t<div class=\"elementor-element elementor-element-e88dff0 elementor-widget elementor-widget-text-editor\" data-id=\"e88dff0\" data-element_type=\"widget\" data-widget_type=\"text-editor.default\">\n\t\t\t\t<div class=\"elementor-widget-container\">\n\t\t\t\t\t\t\t<p style=\"text-align: left;\"><span style=\"font-size: 12pt; line-height: 107%;\"><b>Estimado Cliente:<\/b><\/span><\/p><p><span style=\"font-size: 12pt; font-family: var( --e-global-typography-text-font-family ), Sans-serif; font-weight: var( --e-global-typography-text-font-weight );\">El pasado d\u00eda 1ro. de Enero de 2023, entr\u00f3 en vigor la nueva Reforma al Anexo20 de la Resoluci\u00f3n Miscel\u00e1nea Fiscal, la cual nos indica cambios a los CFDI como versi\u00f3n 4.0, quedando como obligatorio proporcionarnos y colocar los siguientes datos en la emisi\u00f3n de facturas:<\/span><\/p><p><b style=\"font-family: var( --e-global-typography-text-font-family ), Sans-serif; font-size: 12pt;\">1.\u00a0<\/b><span style=\"font-family: var( --e-global-typography-text-font-family ), Sans-serif; font-weight: var( --e-global-typography-text-font-weight ); font-size: 12pt;\">Favor de enviarnos la actualizaci\u00f3n de su Constancia de Situaci\u00f3n Fiscal (con vigencia no mayor a 30 d\u00edas).<\/span><\/p><p><span style=\"font-size: 12pt; line-height: 107%;\"><b>2. <\/b>Raz\u00f3n social, RFC, Domicilio Fiscal del receptor, C\u00f3digo Postal del contribuyente, Forma de pago y M\u00e9todo de pago.<\/span><\/p><p><span style=\"font-size: 12pt; line-height: 107%;\"><b>3. <\/b>El R\u00e9gimen Fiscal del receptor deber\u00e1 incluirse en el CFDI (favor de especificarnos su r\u00e9gimen al momento de solicitar la factura).<\/span><\/p><p><span style=\"font-size: 12pt; line-height: 107%;\"><b>4. <\/b>Se vuelve obligatorio establecer el uso de CFDI:\u00a0G03 &#8211; Gastos en General\u00a0o G01- Adquisici\u00f3n de mercanc\u00eda, c<\/span><span style=\"font-size: 16px;\">abe se\u00f1alar que dicho uso deber\u00e1 ir acorde a la actividad econ\u00f3mica se\u00f1alada en la\u00a0<\/span><span style=\"font-family: var( --e-global-typography-text-font-family ), Sans-serif; font-weight: var( --e-global-typography-text-font-weight ); font-size: 16px;\">Constancia de Situaci\u00f3n Fiscal<\/span><span style=\"font-family: var( --e-global-typography-text-font-family ), Sans-serif; font-weight: var( --e-global-typography-text-font-weight ); font-size: 12pt; color: var( --e-global-color-text );\">.<\/span><\/p>\t\t\t\t\t\t<\/div>\n\t\t\t\t<\/div>\n\t\t\t\t\t<\/div>\n\t\t<\/div>\n\t\t\t\t\t\t\t<\/div>\n\t\t<\/section>\n\t\t\t\t<section class=\"elementor-section elementor-top-section elementor-element elementor-element-8de2391 elementor-section-boxed elementor-section-height-default elementor-section-height-default\" data-id=\"8de2391\" data-element_type=\"section\">\n\t\t\t\t\t\t<div class=\"elementor-container elementor-column-gap-default\">\n\t\t\t\t\t<div class=\"elementor-column elementor-col-100 elementor-top-column elementor-element elementor-element-f8c18a8\" data-id=\"f8c18a8\" data-element_type=\"column\">\n\t\t\t<div class=\"elementor-widget-wrap elementor-element-populated\">\n\t\t\t\t\t\t\t\t<div class=\"elementor-element elementor-element-6703d5f elementor-widget elementor-widget-text-editor\" data-id=\"6703d5f\" data-element_type=\"widget\" data-widget_type=\"text-editor.default\">\n\t\t\t\t<div class=\"elementor-widget-container\">\n\t\t\t\t\t\t\t<h3>Si tienes alguna duda o necesitas ayuda con la facturaci\u00f3n, comun\u00edcate con nosotros.<\/h3>\t\t\t\t\t\t<\/div>\n\t\t\t\t<\/div>\n\t\t\t\t<div class=\"elementor-element elementor-element-f0f9089 elementor-widget elementor-widget-button\" data-id=\"f0f9089\" data-element_type=\"widget\" data-widget_type=\"button.default\">\n\t\t\t\t<div class=\"elementor-widget-container\">\n\t\t\t\t\t<div class=\"elementor-button-wrapper\">\n\t\t\t<a class=\"elementor-button elementor-button-link elementor-size-sm\" href=\"https:\/\/integrantes.com.mx\/?page_id=182\">\n\t\t\t\t\t\t<span class=\"elementor-button-content-wrapper\">\n\t\t\t\t\t\t<span class=\"elementor-button-text\">\u00a1AYUDA!<\/span>\n\t\t<\/span>\n\t\t\t\t\t<\/a>\n\t\t<\/div>\n\t\t\t\t<\/div>\n\t\t\t\t<\/div>\n\t\t\t\t\t<\/div>\n\t\t<\/div>\n\t\t\t\t\t\t\t<\/div>\n\t\t<\/section>\n\t\t\t\t<section class=\"elementor-section elementor-top-section elementor-element elementor-element-2e1c8f4 elementor-section-boxed elementor-section-height-default elementor-section-height-default\" data-id=\"2e1c8f4\" data-element_type=\"section\">\n\t\t\t\t\t\t<div class=\"elementor-container elementor-column-gap-default\">\n\t\t\t\t\t<div class=\"elementor-column elementor-col-100 elementor-top-column elementor-element elementor-element-a4b0a93\" data-id=\"a4b0a93\" data-element_type=\"column\">\n\t\t\t<div class=\"elementor-widget-wrap elementor-element-populated\">\n\t\t\t\t\t\t\t\t<div class=\"elementor-element elementor-element-99133b3 elementor-widget elementor-widget-spacer\" data-id=\"99133b3\" data-element_type=\"widget\" data-widget_type=\"spacer.default\">\n\t\t\t\t<div class=\"elementor-widget-container\">\n\t\t\t\t\t<div class=\"elementor-spacer\">\n\t\t\t<div class=\"elementor-spacer-inner\"><\/div>\n\t\t<\/div>\n\t\t\t\t<\/div>\n\t\t\t\t<\/div>\n\t\t\t\t\t<\/div>\n\t\t<\/div>\n\t\t\t\t\t\t\t<\/div>\n\t\t<\/section>\n\t\t\t\t<section class=\"elementor-section elementor-top-section elementor-element elementor-element-d8c6e1b elementor-section-boxed elementor-section-height-default elementor-section-height-default\" data-id=\"d8c6e1b\" data-element_type=\"section\">\n\t\t\t\t\t\t<div class=\"elementor-container elementor-column-gap-default\">\n\t\t\t\t\t<div class=\"elementor-column elementor-col-100 elementor-top-column elementor-element elementor-element-9b1e450\" data-id=\"9b1e450\" data-element_type=\"column\">\n\t\t\t<div class=\"elementor-widget-wrap\">\n\t\t\t\t\t\t\t\t\t<\/div>\n\t\t<\/div>\n\t\t\t\t\t\t\t<\/div>\n\t\t<\/section>\n\t\t\t\t\t\t\t<\/div>\n\t\t","protected":false},"excerpt":{"rendered":"<p>FACTURACI\u00d3N \u00a0 REQUISITOS PARA FACTURAR: Selecciona la\u00a0estaci\u00f3n de servicio a la cual acudiste. Ticket de carga. RFC. Raz\u00f3n Social. R\u00e9gimen Fiscal. Uso de CFDI. C\u00f3digo Postal (debe coincidir con el registrado en el SAT). NOTA. Los tickets s\u00f3lo se pueden facturar en el mes en el que fueron emitidos. ESTACI\u00d3N DE SERVICIO 3605 A UN LADO DEL BANORTE FACTURAR ESTACI\u00d3N<\/p>\n<p><a class=\"more-link\" href=\"https:\/\/integrantes.com.mx\/?page_id=185\">Leer m\u00e1s<\/a><\/p>\n","protected":false},"author":1,"featured_media":0,"parent":0,"menu_order":0,"comment_status":"closed","ping_status":"closed","template":"","meta":[],"_links":{"self":[{"href":"https:\/\/integrantes.com.mx\/index.php?rest_route=\/wp\/v2\/pages\/185"}],"collection":[{"href":"https:\/\/integrantes.com.mx\/index.php?rest_route=\/wp\/v2\/pages"}],"about":[{"href":"https:\/\/integrantes.com.mx\/index.php?rest_route=\/wp\/v2\/types\/page"}],"author":[{"embeddable":true,"href":"https:\/\/integrantes.com.mx\/index.php?rest_route=\/wp\/v2\/users\/1"}],"replies":[{"embeddable":true,"href":"https:\/\/integrantes.com.mx\/index.php?rest_route=%2Fwp%2Fv2%2Fcomments&post=185"}],"version-history":[{"count":147,"href":"https:\/\/integrantes.com.mx\/index.php?rest_route=\/wp\/v2\/pages\/185\/revisions"}],"predecessor-version":[{"id":996,"href":"https:\/\/integrantes.com.mx\/index.php?rest_route=\/wp\/v2\/pages\/185\/revisions\/996"}],"wp:attachment":[{"href":"https:\/\/integrantes.com.mx\/index.php?rest_route=%2Fwp%2Fv2%2Fmedia&parent=185"}],"curies":[{"name":"wp","href":"https:\/\/api.w.org\/{rel}","templated":true}]}}