{"id":306,"date":"2023-07-22T20:57:18","date_gmt":"2023-07-22T20:57:18","guid":{"rendered":"https:\/\/integrantes.com.mx\/?page_id=306"},"modified":"2023-07-28T23:01:36","modified_gmt":"2023-07-28T23:01:36","slug":"aviso-de-privacidad","status":"publish","type":"page","link":"https:\/\/integrantes.com.mx\/?page_id=306","title":{"rendered":"Aviso de Privacidad"},"content":{"rendered":"\t\t<div data-elementor-type=\"wp-page\" data-elementor-id=\"306\" class=\"elementor elementor-306\">\n\t\t\t\t\t\t\t\t\t<section class=\"elementor-section elementor-top-section elementor-element elementor-element-1065d7a elementor-section-boxed elementor-section-height-default elementor-section-height-default\" data-id=\"1065d7a\" data-element_type=\"section\">\n\t\t\t\t\t\t<div class=\"elementor-container elementor-column-gap-default\">\n\t\t\t\t\t<div class=\"elementor-column elementor-col-100 elementor-top-column elementor-element elementor-element-5221404\" data-id=\"5221404\" data-element_type=\"column\">\n\t\t\t<div class=\"elementor-widget-wrap elementor-element-populated\">\n\t\t\t\t\t\t\t\t<div class=\"elementor-element elementor-element-7ed8d63 elementor-invisible elementor-widget elementor-widget-heading\" data-id=\"7ed8d63\" data-element_type=\"widget\" data-settings=\"{&quot;_animation&quot;:&quot;bounceInDown&quot;}\" data-widget_type=\"heading.default\">\n\t\t\t\t<div class=\"elementor-widget-container\">\n\t\t\t<style>\/*! elementor - v3.14.0 - 26-06-2023 *\/\n.elementor-heading-title{padding:0;margin:0;line-height:1}.elementor-widget-heading .elementor-heading-title[class*=elementor-size-]>a{color:inherit;font-size:inherit;line-height:inherit}.elementor-widget-heading .elementor-heading-title.elementor-size-small{font-size:15px}.elementor-widget-heading .elementor-heading-title.elementor-size-medium{font-size:19px}.elementor-widget-heading .elementor-heading-title.elementor-size-large{font-size:29px}.elementor-widget-heading .elementor-heading-title.elementor-size-xl{font-size:39px}.elementor-widget-heading .elementor-heading-title.elementor-size-xxl{font-size:59px}<\/style><h1 class=\"elementor-heading-title elementor-size-large\"><b>AVISO DE PRIVACIDAD<\/b><\/h1>\t\t<\/div>\n\t\t\t\t<\/div>\n\t\t\t\t\t<\/div>\n\t\t<\/div>\n\t\t\t\t\t\t\t<\/div>\n\t\t<\/section>\n\t\t\t\t<section class=\"elementor-section elementor-top-section elementor-element elementor-element-58955c2 elementor-section-boxed elementor-section-height-default elementor-section-height-default\" data-id=\"58955c2\" data-element_type=\"section\">\n\t\t\t\t\t\t<div class=\"elementor-container elementor-column-gap-default\">\n\t\t\t\t\t<div class=\"elementor-column elementor-col-100 elementor-top-column elementor-element elementor-element-c602f1c\" data-id=\"c602f1c\" data-element_type=\"column\">\n\t\t\t<div class=\"elementor-widget-wrap elementor-element-populated\">\n\t\t\t\t\t\t\t\t<div class=\"elementor-element elementor-element-b1c918f elementor-widget elementor-widget-text-editor\" data-id=\"b1c918f\" data-element_type=\"widget\" data-widget_type=\"text-editor.default\">\n\t\t\t\t<div class=\"elementor-widget-container\">\n\t\t\t<style>\/*! elementor - v3.14.0 - 26-06-2023 *\/\n.elementor-widget-text-editor.elementor-drop-cap-view-stacked .elementor-drop-cap{background-color:#69727d;color:#fff}.elementor-widget-text-editor.elementor-drop-cap-view-framed .elementor-drop-cap{color:#69727d;border:3px solid;background-color:transparent}.elementor-widget-text-editor:not(.elementor-drop-cap-view-default) .elementor-drop-cap{margin-top:8px}.elementor-widget-text-editor:not(.elementor-drop-cap-view-default) .elementor-drop-cap-letter{width:1em;height:1em}.elementor-widget-text-editor .elementor-drop-cap{float:left;text-align:center;line-height:1;font-size:50px}.elementor-widget-text-editor .elementor-drop-cap-letter{display:inline-block}<\/style>\t\t\t\t<p style=\"text-align: justify;\"><span style=\"font-size: 11pt;\">Para <b>\u201cIntegrantes del Ejido de San Crist\u00f3bal Texcalucan, S.C. de R.L.\u201d <\/b>es muy importante cuidar de la confianza brindada por nuestros clientes, es por ello que velamos por sus datos personales y sensibles, por ello trabajamos con el siguiente Aviso de Privacidad.<\/span><\/p><p style=\"text-align: justify;\"><b style=\"font-size: 14px; color: var( --e-global-color-text ); font-family: var( --e-global-typography-text-font-family ), Sans-serif;\"><span style=\"font-size: 11pt;\">SERVICIOS<br \/><\/span><\/b><span style=\"color: var( --e-global-color-text ); font-family: var( --e-global-typography-text-font-family ), Sans-serif; font-size: 11pt; font-weight: var( --e-global-typography-text-font-weight );\">La principal finalidad de Integrantes del Ejido de San Crist\u00f3bal Texcalucan, S.C. de R.L. para tratar sus datos personales es proveerle aquellos servicios derivados de cualquier compra o celebraci\u00f3n de convenio que suscriba con Integrantes del Ejido de San Crist\u00f3bal Texcalucan, S.C. de R.L.<\/span><\/p><p style=\"text-align: justify;\"><span style=\"font-size: 11pt;\"><b>CATEGOR\u00cdAS DE DATOS PERSONALES SUJETOS A TRATAMIENTO<br \/><\/b><\/span><span style=\"font-size: 11pt; color: var( --e-global-color-text ); font-family: var( --e-global-typography-text-font-family ), Sans-serif; font-weight: var( --e-global-typography-text-font-weight );\">Para la venta de nuestros productos, y para cumplir con las finalidades del tratamiento se\u00f1aladas en el presente Aviso de Privacidad, es necesario que Integrantes del Ejido de San Crist\u00f3bal Texcalucan, S.C. de R.L. trate los siguientes datos personales:<\/span><\/p><p style=\"text-align: justify;\"><span style=\"font-size: 11pt;\"><b>DATOS PERSONALES CONSECUENCIA DE LA VENTA DE PRODUCTOS<br \/><\/b><\/span><span style=\"font-size: 11pt; color: var( --e-global-color-text ); font-family: var( --e-global-typography-text-font-family ), Sans-serif; font-weight: var( --e-global-typography-text-font-weight );\">Integrantes del Ejido de San Crist\u00f3bal Texcalucan, S.C. de R.L. dar\u00e1 tratamiento a las siguientes categor\u00edas de datos personales: Nombre completo o raz\u00f3n social, fecha de nacimiento, domicilio fiscal, Identificaci\u00f3n oficial, actividad o giro del negocio al que se dedique, n\u00fameros telef\u00f3nicos particulares, correos electr\u00f3nicos particulares, Clave \u00danica de Registro de Poblaci\u00f3n, Clave de Registro Federal de Contribuyentes.<\/span><\/p><p style=\"text-align: justify;\"><span style=\"color: var( --e-global-color-text ); font-family: var( --e-global-typography-text-font-family ), Sans-serif;\"><b style=\"font-size: 11pt;\">DATOS SENSIBLES CONSECUENCIA DE LA VENTA DE PRODUCTOS<\/b><span style=\"font-size: 14.6667px;\"><b><br \/><\/b><\/span><\/span><span style=\"font-size: 11pt; color: var( --e-global-color-text ); font-family: var( --e-global-typography-text-font-family ), Sans-serif; font-weight: var( --e-global-typography-text-font-weight );\">Integrantes del Ejido de San Crist\u00f3bal Texcalucan, S.C. de R.L. dar\u00e1 tratamiento a las siguientes categor\u00edas de datos sensibles: huella dactilar (en los casos en la que la forma de pago sea mediante tarjeta de d\u00e9bito o cr\u00e9dito y su banco as\u00ed lo requiera), firma aut\u00f3grafa del comprador en los tickets de venta y convenios celebrados con la empresa.<\/span><\/p><p style=\"text-align: justify; page-break-before: always;\"><span style=\"font-size: 11pt;\"><b>FUENTES DIRECTAS DE OBTENCI\u00d3N DE DATOS PERSONALES<br \/><\/b><\/span><span style=\"font-size: 11pt; color: var( --e-global-color-text ); font-family: var( --e-global-typography-text-font-family ), Sans-serif; font-weight: var( --e-global-typography-text-font-weight );\">Se deber\u00e1 recabar adicionalmente de usted los datos necesarios para cumplir con las disposiciones legales aplicables en materia de prevenci\u00f3n y detecci\u00f3n de actos, omisiones u operaciones que pudieran favorecer, prestar ayuda, auxilio o cooperaci\u00f3n de cualquier especie para la comisi\u00f3n de los delitos previstos en los art\u00edculos 139 o 148 Bis del C\u00f3digo Penal Federal o que pudieran ubicarse en los supuestos del art\u00edculo 400 Bis del mismo C\u00f3digo, Integrantes del Ejido de San Crist\u00f3bal Texcalucan, S.C. de R.L. est\u00e1 obligado a requerirle datos adicionales que le permitan estimar la viabilidad de pago, vali\u00e9ndose para ello de un an\u00e1lisis a partir de informaci\u00f3n cuantitativa y cualitativa, que permita establecer su solvencia econ\u00f3mica y capacidad de pago, mismo que se establece en el art\u00edculo 7 de la Ley Federal de Protecci\u00f3n de Datos Personales en Posesi\u00f3n de los Particulares.<\/span><\/p><p style=\"text-align: justify;\"><span style=\"font-size: 14px; font-family: var( --e-global-typography-text-font-family ), Sans-serif;\"><span style=\"font-size: 11pt;\"><span style=\"color: #212121;\"><b>FINALIDADES PRIMARIAS DEL TRATAMIENTO<br \/><\/b><\/span><\/span><\/span><span style=\"color: var( --e-global-color-text ); font-family: var( --e-global-typography-text-font-family ), Sans-serif; font-weight: var( --e-global-typography-text-font-weight ); font-size: 11pt;\">Integrantes del Ejido de San Crist\u00f3bal Texcalucan, S.C. de R.L. <\/span><span style=\"font-family: var( --e-global-typography-text-font-family ), Sans-serif; font-weight: var( --e-global-typography-text-font-weight ); font-size: 11pt; color: #212121;\">tratar\u00e1 los datos personales, patrimoniales y sensibles descritos en el presente Aviso de Privacidad de acuerdo con el Art\u00edculo 3, Fracci\u00f3n XVIII de la Ley Federal de Protecci\u00f3n de Datos Personales en Posesi\u00f3n de los Particulares, para llevar a cabo alguna o todas las actividades necesarias para el desarrollo y cumplimiento de las obligaciones que se originen y deriven de la venta de nuestros productos:<br \/><\/span><\/p><p style=\"text-align: justify; text-indent: -18.0pt; mso-list: l1 level1 lfo1; margin: 0cm 0cm 1.85pt 36.0pt;\"><!-- [if !supportLists]--><span style=\"font-size: 11.0pt; font-family: Symbol; mso-fareast-font-family: Symbol; mso-bidi-font-family: Symbol;\">\u00b7<span style=\"font-variant-numeric: normal; font-variant-east-asian: normal; font-variant-alternates: normal; font-kerning: auto; font-optical-sizing: auto; font-feature-settings: normal; font-variation-settings: normal; font-stretch: normal; font-size: 7pt; line-height: normal; font-family: 'Times New Roman';\">\u00a0\u00a0\u00a0\u00a0\u00a0\u00a0\u00a0\u00a0 <\/span><\/span><!--[endif]--><span style=\"font-size: 11pt; color: #212121;\">Operaci\u00f3n y registro de productos que usted hubiese adquirido. <\/span><\/p><p style=\"text-align: justify; text-indent: -18.0pt; mso-list: l1 level1 lfo1; margin: 0cm 0cm 1.85pt 36.0pt;\"><!-- [if !supportLists]--><span style=\"font-size: 11.0pt; font-family: Symbol; mso-fareast-font-family: Symbol; mso-bidi-font-family: Symbol;\">\u00b7<span style=\"font-variant-numeric: normal; font-variant-east-asian: normal; font-variant-alternates: normal; font-kerning: auto; font-optical-sizing: auto; font-feature-settings: normal; font-variation-settings: normal; font-stretch: normal; font-size: 7pt; line-height: normal; font-family: 'Times New Roman';\">\u00a0\u00a0\u00a0\u00a0\u00a0\u00a0\u00a0\u00a0 <\/span><\/span><!--[endif]--><span style=\"font-size: 11pt;\">Elaboraci\u00f3n de Reportes. <\/span><\/p><p style=\"text-align: justify; text-indent: -18.0pt; mso-list: l1 level1 lfo1; margin: 0cm 0cm 1.85pt 36.0pt;\"><!-- [if !supportLists]--><span style=\"font-size: 11.0pt; font-family: Symbol; mso-fareast-font-family: Symbol; mso-bidi-font-family: Symbol;\">\u00b7<span style=\"font-variant-numeric: normal; font-variant-east-asian: normal; font-variant-alternates: normal; font-kerning: auto; font-optical-sizing: auto; font-feature-settings: normal; font-variation-settings: normal; font-stretch: normal; font-size: 7pt; line-height: normal; font-family: 'Times New Roman';\">\u00a0\u00a0\u00a0\u00a0\u00a0\u00a0\u00a0\u00a0 <\/span><\/span><!--[endif]--><span style=\"font-size: 11pt;\">Elaboraci\u00f3n de Convenios. <\/span><\/p><p style=\"margin-left: 36.0pt; text-align: justify; text-indent: -18.0pt; mso-list: l1 level1 lfo1;\"><!-- [if !supportLists]--><span style=\"font-size: 11.0pt; font-family: Symbol; mso-fareast-font-family: Symbol; mso-bidi-font-family: Symbol;\">\u00b7<span style=\"font-variant-numeric: normal; font-variant-east-asian: normal; font-variant-alternates: normal; font-kerning: auto; font-optical-sizing: auto; font-feature-settings: normal; font-variation-settings: normal; font-stretch: normal; font-size: 7pt; line-height: normal; font-family: 'Times New Roman';\">\u00a0\u00a0\u00a0\u00a0\u00a0\u00a0\u00a0\u00a0 <\/span><\/span><!--[endif]--><span style=\"font-size: 11pt;\">Emisi\u00f3n de Facturas.<\/span><\/p><p style=\"text-align: justify;\"><b><span style=\"font-size: 11pt; color: #212121;\">F<\/span><\/b><span style=\"font-family: var( --e-global-typography-text-font-family ), Sans-serif;\"><span style=\"color: #212121;\"><span style=\"font-size: 14.6667px;\"><b>INALIDADES SECUNDARIAS DEL TRATAMIENTO<br \/><\/b><\/span><\/span><\/span><span style=\"color: var( --e-global-color-text ); font-family: var( --e-global-typography-text-font-family ), Sans-serif; font-weight: var( --e-global-typography-text-font-weight ); font-size: 11pt;\">Integrantes del Ejido de San Crist\u00f3bal Texcalucan, S.C. de R.L. <\/span><span style=\"font-family: var( --e-global-typography-text-font-family ), Sans-serif; font-weight: var( --e-global-typography-text-font-weight ); font-size: 11pt; color: #212121;\">tratar\u00e1 sus datos personales para llevar a cabo alguna o todas las finalidades secundarias que se mencionan a continuaci\u00f3n:<\/span><\/p><p style=\"margin-left: 36.0pt; text-align: justify; text-indent: -18.0pt; mso-list: l0 level1 lfo2;\"><!-- [if !supportLists]--><span style=\"font-size: 11.0pt; font-family: Symbol; mso-fareast-font-family: Symbol; mso-bidi-font-family: Symbol;\">\u00b7<span style=\"font-variant-numeric: normal; font-variant-east-asian: normal; font-variant-alternates: normal; font-kerning: auto; font-optical-sizing: auto; font-feature-settings: normal; font-variation-settings: normal; font-stretch: normal; font-size: 7pt; line-height: normal; font-family: 'Times New Roman';\">\u00a0\u00a0\u00a0\u00a0\u00a0\u00a0\u00a0<\/span><\/span><span style=\"font-size: 11pt;\">Informarle de promociones y\/u ofertas o cambios de nuevos servicios, Integrantes del Ejido de San Crist\u00f3bal Texcalucan, S.C. de R.L. de acuerdo con sus intereses, enviara correos electr\u00f3nicos, mensajes cortos y dem\u00e1s medios de comunicaci\u00f3n f\u00edsicos y\/o electr\u00f3nicos.<\/span><span style=\"font-size: 11pt; color: var( --e-global-color-text ); font-family: var( --e-global-typography-text-font-family ), Sans-serif; font-weight: var( --e-global-typography-text-font-weight );\">\u00a0<\/span><\/p><p style=\"text-align: justify;\"><span style=\"font-size: 11pt;\">Si usted no desea que Integrantes del Ejido de San Crist\u00f3bal Texcalucan, S.C. de R.L. trate sus datos personales para alguna de las finalidades descritas en este apartado (Finalidades secundarias del tratamiento), favor de enviar un correo electr\u00f3nico a <\/span><span style=\"font-size: 11pt; color: blue;\">datosp@integrantes.com.mx <\/span><span style=\"font-size: 11pt;\">Usted podr\u00e1 cambiar de opci\u00f3n en cualquier momento. <\/span><\/p><p style=\"text-align: justify;\"><span style=\"font-size: 11pt;\">Es importante que tenga presente que, en caso de otorgar su consentimiento, este seguir\u00e1 siendo v\u00e1lido incluso cuando hubiese terminado la relaci\u00f3n comercial entre usted e Integrantes del Ejido de San Crist\u00f3bal Texcalucan, S.C. de R.L. lo que significa que Integrantes del Ejido de San Crist\u00f3bal Texcalucan, S.C. de R.L.\u00a0<\/span><span style=\"font-size: 11pt; color: var( --e-global-color-text ); font-family: var( --e-global-typography-text-font-family ), Sans-serif; font-weight: var( --e-global-typography-text-font-weight );\">podr\u00e1 seguir tratando sus datos personales necesarios para cumplir con las presentes finalidades secundarias.<\/span><\/p><p style=\"text-align: justify; page-break-before: always;\"><b style=\"font-size: 14px; color: var( --e-global-color-text ); font-family: var( --e-global-typography-text-font-family ), Sans-serif;\"><span style=\"font-size: 11pt; color: #212121;\">TRANSFERENCIAS<br \/><\/span><\/b><span style=\"font-size: 11pt; color: var( --e-global-color-text ); font-family: var( --e-global-typography-text-font-family ), Sans-serif; font-weight: var( --e-global-typography-text-font-weight );\">Integrantes del Ejido de San Crist\u00f3bal Texcalucan S.C. de R.L. no podr\u00e1 transferir sus datos personales a terceros mexicanos o extranjeros.<br \/><\/span><span style=\"font-size: 11pt; color: var( --e-global-color-text ); font-family: var( --e-global-typography-text-font-family ), Sans-serif; font-weight: var( --e-global-typography-text-font-weight );\">Los datos revelados por el Titular son todos aquellos necesarios para que Integrantes del Ejido de San Crist\u00f3bal Texcalucan S.C. de R.L. le pueda ofrecer el producto o servicio que requiera. El tratamiento de datos es de uso exclusivo de Integrantes del Ejido de San Crist\u00f3bal Texcalucan S.C. de R.L. con fundamento en el art\u00edculo 2 fracci\u00f3n II de la Ley Federal de Protecci\u00f3n de Datos Personales en Posesi\u00f3n de los Particulares.<\/span><\/p><p style=\"text-align: justify; page-break-before: always;\"><span style=\"font-size: 14px; font-family: var( --e-global-typography-text-font-family ), Sans-serif;\"><span style=\"font-size: 11pt;\"><span style=\"color: #212121;\"><b>OPCIONES Y MEDIOS PARA LIMITAR EL USO O DIVULGACI\u00d3N DE SUS DATOS PERSONALES<br \/><\/b><\/span><\/span><\/span><span style=\"color: var( --e-global-color-text ); font-family: var( --e-global-typography-text-font-family ), Sans-serif; font-weight: var( --e-global-typography-text-font-weight ); font-size: 11pt;\">En el supuesto que el Titular quiera limitar el uso o divulgaci\u00f3n de sus datos o bien ejercer los derechos de acceso, rectificaci\u00f3n, cancelaci\u00f3n u oposici\u00f3n, podr\u00e1 hacerlo en t\u00e9rminos del art\u00edculo 29 fracciones I, II, III y IV de la Ley Federal de Protecci\u00f3n de Datos Personales en Posesi\u00f3n de los Particulares a trav\u00e9s del correo <\/span><span style=\"font-family: var( --e-global-typography-text-font-family ), Sans-serif; font-weight: var( --e-global-typography-text-font-weight ); font-size: 11pt; color: blue;\"><a href=\"mailto:datosp@integrantes.com.mx\">datosp@integrantes.com.mx<\/a>.<\/span><span style=\"color: blue; font-size: 11pt; font-family: var( --e-global-typography-text-font-family ), Sans-serif; font-weight: var( --e-global-typography-text-font-weight );\">\u00a0<\/span><\/p><p style=\"text-align: justify;\"><span style=\"color: #212121;\"><span style=\"font-size: 11pt;\"><b>CAMBIOS AL PRESENTE AVISO DE PRIVACIDAD<\/b><\/span><span style=\"font-size: 14.6667px;\"><b><br \/><\/b><\/span><\/span><span style=\"font-size: 14px; color: var( --e-global-color-text ); font-family: var( --e-global-typography-text-font-family ), Sans-serif; font-weight: var( --e-global-typography-text-font-weight );\">Integrantes del Ejido de San Crist\u00f3bal Texcalucan S.C. de R.L. se reserva el derecho, bajo su exclusiva discreci\u00f3n, de cambiar, modificar, agregar o eliminar partes del presente Aviso de Privacidad en cualquier momento. En tal caso, Integrantes del Ejido de San Crist\u00f3bal Texcalucan S.C. de R.L. mantendr\u00e1 su Aviso de Privacidad Integral vigente <\/span><span style=\"font-size: 14px; color: var( --e-global-color-text ); font-family: var( --e-global-typography-text-font-family ), Sans-serif; font-weight: var( --e-global-typography-text-font-weight );\">por lo cual le recomendamos visitar peri\u00f3dicamente esta p\u00e1gina con la finalidad de informarse si ocurre alg\u00fan cambio al presente.<\/span><\/p>\t\t\t\t\t\t<\/div>\n\t\t\t\t<\/div>\n\t\t\t\t\t<\/div>\n\t\t<\/div>\n\t\t\t\t\t\t\t<\/div>\n\t\t<\/section>\n\t\t\t\t<section class=\"elementor-section elementor-top-section elementor-element elementor-element-a6170a7 elementor-section-boxed elementor-section-height-default elementor-section-height-default\" data-id=\"a6170a7\" data-element_type=\"section\">\n\t\t\t\t\t\t<div class=\"elementor-container elementor-column-gap-default\">\n\t\t\t\t\t<div class=\"elementor-column elementor-col-100 elementor-top-column elementor-element elementor-element-2f36193\" data-id=\"2f36193\" data-element_type=\"column\">\n\t\t\t<div class=\"elementor-widget-wrap elementor-element-populated\">\n\t\t\t\t\t\t\t\t<div class=\"elementor-element elementor-element-d653949 elementor-widget elementor-widget-image\" data-id=\"d653949\" data-element_type=\"widget\" data-widget_type=\"image.default\">\n\t\t\t\t<div class=\"elementor-widget-container\">\n\t\t\t<style>\/*! elementor - v3.14.0 - 26-06-2023 *\/\n.elementor-widget-image{text-align:center}.elementor-widget-image a{display:inline-block}.elementor-widget-image a img[src$=\".svg\"]{width:48px}.elementor-widget-image img{vertical-align:middle;display:inline-block}<\/style>\t\t\t\t\t\t\t\t\t\t\t\t<img decoding=\"async\" width=\"300\" height=\"150\" src=\"https:\/\/integrantes.com.mx\/wp-content\/uploads\/2023\/07\/TAXCA-Logo-PNG-01-01-01.png\" class=\"attachment-large size-large wp-image-211\" alt=\"\" loading=\"lazy\" \/>\t\t\t\t\t\t\t\t\t\t\t\t\t\t\t<\/div>\n\t\t\t\t<\/div>\n\t\t\t\t\t<\/div>\n\t\t<\/div>\n\t\t\t\t\t\t\t<\/div>\n\t\t<\/section>\n\t\t\t\t\t\t\t<\/div>\n\t\t","protected":false},"excerpt":{"rendered":"<p>AVISO DE PRIVACIDAD Para \u201cIntegrantes del Ejido de San Crist\u00f3bal Texcalucan, S.C. de R.L.\u201d es muy importante cuidar de la confianza brindada por nuestros clientes, es por ello que velamos por sus datos personales y sensibles, por ello trabajamos con el siguiente Aviso de Privacidad. SERVICIOSLa principal finalidad de Integrantes del Ejido de San Crist\u00f3bal Texcalucan, S.C. de R.L. para<\/p>\n<p><a class=\"more-link\" href=\"https:\/\/integrantes.com.mx\/?page_id=306\">Leer m\u00e1s<\/a><\/p>\n","protected":false},"author":1,"featured_media":0,"parent":0,"menu_order":0,"comment_status":"closed","ping_status":"closed","template":"","meta":[],"_links":{"self":[{"href":"https:\/\/integrantes.com.mx\/index.php?rest_route=\/wp\/v2\/pages\/306"}],"collection":[{"href":"https:\/\/integrantes.com.mx\/index.php?rest_route=\/wp\/v2\/pages"}],"about":[{"href":"https:\/\/integrantes.com.mx\/index.php?rest_route=\/wp\/v2\/types\/page"}],"author":[{"embeddable":true,"href":"https:\/\/integrantes.com.mx\/index.php?rest_route=\/wp\/v2\/users\/1"}],"replies":[{"embeddable":true,"href":"https:\/\/integrantes.com.mx\/index.php?rest_route=%2Fwp%2Fv2%2Fcomments&post=306"}],"version-history":[{"count":25,"href":"https:\/\/integrantes.com.mx\/index.php?rest_route=\/wp\/v2\/pages\/306\/revisions"}],"predecessor-version":[{"id":825,"href":"https:\/\/integrantes.com.mx\/index.php?rest_route=\/wp\/v2\/pages\/306\/revisions\/825"}],"wp:attachment":[{"href":"https:\/\/integrantes.com.mx\/index.php?rest_route=%2Fwp%2Fv2%2Fmedia&parent=306"}],"curies":[{"name":"wp","href":"https:\/\/api.w.org\/{rel}","templated":true}]}}